{"id":512,"date":"2024-06-01T14:41:16","date_gmt":"2024-06-01T14:41:16","guid":{"rendered":"https:\/\/soylauragomez.com\/?page_id=512"},"modified":"2024-06-02T07:05:45","modified_gmt":"2024-06-02T07:05:45","slug":"registro-confirmado-2","status":"publish","type":"page","link":"https:\/\/soylauragomez.com\/index.php\/registro-confirmado-2\/","title":{"rendered":"Landing Registro confirmado M13"},"content":{"rendered":"\t\t<div data-elementor-type=\"wp-page\" data-elementor-id=\"512\" class=\"elementor elementor-512\" data-elementor-post-type=\"page\">\n\t\t\t\t\t\t<section class=\"elementor-section elementor-top-section elementor-element elementor-element-7c223614 elementor-section-boxed elementor-section-height-default elementor-section-height-default\" data-id=\"7c223614\" data-element_type=\"section\" data-e-type=\"section\" data-settings=\"{&quot;background_background&quot;:&quot;classic&quot;}\">\n\t\t\t\t\t\t<div class=\"elementor-container elementor-column-gap-default\">\n\t\t\t\t\t<div class=\"elementor-column elementor-col-100 elementor-top-column elementor-element elementor-element-41e1cbcd\" data-id=\"41e1cbcd\" data-element_type=\"column\" data-e-type=\"column\">\n\t\t\t<div class=\"elementor-widget-wrap elementor-element-populated\">\n\t\t\t\t\t\t<div class=\"elementor-element elementor-element-2436169b elementor-widget elementor-widget-heading\" data-id=\"2436169b\" data-element_type=\"widget\" data-e-type=\"widget\" data-widget_type=\"heading.default\">\n\t\t\t\t<div class=\"elementor-widget-container\">\n\t\t\t\t\t<h2 class=\"elementor-heading-title elementor-size-default\">Gracias por registrarte<\/h2>\t\t\t\t<\/div>\n\t\t\t\t<\/div>\n\t\t\t\t\t<\/div>\n\t\t<\/div>\n\t\t\t\t\t<\/div>\n\t\t<\/section>\n\t\t\t\t<section class=\"elementor-section elementor-top-section elementor-element elementor-element-7c7a78d6 elementor-section-boxed elementor-section-height-default elementor-section-height-default\" data-id=\"7c7a78d6\" data-element_type=\"section\" data-e-type=\"section\" data-settings=\"{&quot;background_background&quot;:&quot;classic&quot;}\">\n\t\t\t\t\t\t\t<div class=\"elementor-background-overlay\"><\/div>\n\t\t\t\t\t\t\t<div class=\"elementor-container elementor-column-gap-default\">\n\t\t\t\t\t<div class=\"elementor-column elementor-col-100 elementor-top-column elementor-element elementor-element-49d57672\" data-id=\"49d57672\" data-element_type=\"column\" data-e-type=\"column\">\n\t\t\t<div class=\"elementor-widget-wrap elementor-element-populated\">\n\t\t\t\t\t\t<section class=\"elementor-section elementor-inner-section elementor-element elementor-element-4fd231f0 elementor-section-boxed elementor-section-height-default elementor-section-height-default\" data-id=\"4fd231f0\" data-element_type=\"section\" data-e-type=\"section\">\n\t\t\t\t\t\t<div class=\"elementor-container elementor-column-gap-default\">\n\t\t\t\t\t<div class=\"elementor-column elementor-col-50 elementor-inner-column elementor-element elementor-element-8bfb2cf\" data-id=\"8bfb2cf\" data-element_type=\"column\" data-e-type=\"column\">\n\t\t\t<div class=\"elementor-widget-wrap elementor-element-populated\">\n\t\t\t\t\t\t<div class=\"elementor-element elementor-element-4ef02d9d elementor-widget__width-initial elementor-widget elementor-widget-heading\" data-id=\"4ef02d9d\" data-element_type=\"widget\" data-e-type=\"widget\" data-widget_type=\"heading.default\">\n\t\t\t\t<div class=\"elementor-widget-container\">\n\t\t\t\t\t<h2 class=\"elementor-heading-title elementor-size-default\">En breve recibir\u00e1s las \u00faltimas novedades para actualizar tus conocimientos digitales.<\/h2>\t\t\t\t<\/div>\n\t\t\t\t<\/div>\n\t\t\t\t\t<\/div>\n\t\t<\/div>\n\t\t\t\t<div class=\"elementor-column elementor-col-50 elementor-inner-column elementor-element elementor-element-51f9e5de elementor-hidden-mobile\" data-id=\"51f9e5de\" data-element_type=\"column\" data-e-type=\"column\">\n\t\t\t<div class=\"elementor-widget-wrap\">\n\t\t\t\t\t\t\t<\/div>\n\t\t<\/div>\n\t\t\t\t\t<\/div>\n\t\t<\/section>\n\t\t\t\t\t<\/div>\n\t\t<\/div>\n\t\t\t\t\t<\/div>\n\t\t<\/section>\n\t\t<div class=\"elementor-element elementor-element-1e09e9d e-flex e-con-boxed e-con e-parent\" data-id=\"1e09e9d\" data-element_type=\"container\" data-e-type=\"container\">\n\t\t\t\t\t<div class=\"e-con-inner\">\n\t\t\t\t<div class=\"elementor-element elementor-element-bdb7aec elementor-widget elementor-widget-image\" data-id=\"bdb7aec\" data-element_type=\"widget\" data-e-type=\"widget\" data-widget_type=\"image.default\">\n\t\t\t\t<div class=\"elementor-widget-container\">\n\t\t\t\t\t\t\t\t\t\t\t\t\t\t\t<img fetchpriority=\"high\" decoding=\"async\" width=\"800\" height=\"92\" src=\"https:\/\/soylauragomez.com\/wp-content\/uploads\/2024\/05\/ID_LOGO-HORIZONTAL-1024x118.jpg\" class=\"attachment-large size-large wp-image-306\" alt=\"\" srcset=\"https:\/\/soylauragomez.com\/wp-content\/uploads\/2024\/05\/ID_LOGO-HORIZONTAL-1024x118.jpg 1024w, https:\/\/soylauragomez.com\/wp-content\/uploads\/2024\/05\/ID_LOGO-HORIZONTAL-300x35.jpg 300w, https:\/\/soylauragomez.com\/wp-content\/uploads\/2024\/05\/ID_LOGO-HORIZONTAL-768x89.jpg 768w, https:\/\/soylauragomez.com\/wp-content\/uploads\/2024\/05\/ID_LOGO-HORIZONTAL-1536x178.jpg 1536w, https:\/\/soylauragomez.com\/wp-content\/uploads\/2024\/05\/ID_LOGO-HORIZONTAL-2048x237.jpg 2048w\" sizes=\"(max-width: 800px) 100vw, 800px\" \/>\t\t\t\t\t\t\t\t\t\t\t\t\t\t\t<\/div>\n\t\t\t\t<\/div>\n\t\t\t\t\t<\/div>\n\t\t\t\t<\/div>\n\t\t\t\t<section class=\"elementor-section elementor-top-section elementor-element elementor-element-783a2961 elementor-section-boxed elementor-section-height-default elementor-section-height-default\" data-id=\"783a2961\" data-element_type=\"section\" data-e-type=\"section\" data-settings=\"{&quot;background_background&quot;:&quot;classic&quot;}\">\n\t\t\t\t\t\t<div class=\"elementor-container elementor-column-gap-default\">\n\t\t\t\t\t<div class=\"elementor-column elementor-col-100 elementor-top-column elementor-element elementor-element-53577aa5\" data-id=\"53577aa5\" data-element_type=\"column\" data-e-type=\"column\">\n\t\t\t<div class=\"elementor-widget-wrap elementor-element-populated\">\n\t\t\t\t\t\t<section class=\"elementor-section elementor-inner-section elementor-element elementor-element-69cda8e0 elementor-section-boxed elementor-section-height-default elementor-section-height-default\" data-id=\"69cda8e0\" data-element_type=\"section\" data-e-type=\"section\">\n\t\t\t\t\t\t<div class=\"elementor-container elementor-column-gap-default\">\n\t\t\t\t\t<div class=\"elementor-column elementor-col-50 elementor-inner-column elementor-element elementor-element-42ca1b35\" data-id=\"42ca1b35\" data-element_type=\"column\" data-e-type=\"column\">\n\t\t\t<div class=\"elementor-widget-wrap elementor-element-populated\">\n\t\t\t\t\t\t<div class=\"elementor-element elementor-element-65d6d3de elementor-widget elementor-widget-image\" data-id=\"65d6d3de\" data-element_type=\"widget\" data-e-type=\"widget\" data-widget_type=\"image.default\">\n\t\t\t\t<div class=\"elementor-widget-container\">\n\t\t\t\t\t\t\t\t\t\t\t\t\t\t\t<img decoding=\"async\" width=\"768\" height=\"768\" src=\"https:\/\/soylauragomez.com\/wp-content\/uploads\/2024\/03\/perfil-autor-768x768.png\" class=\"attachment-medium_large size-medium_large wp-image-109\" alt=\"\" srcset=\"https:\/\/soylauragomez.com\/wp-content\/uploads\/2024\/03\/perfil-autor-768x768.png 768w, https:\/\/soylauragomez.com\/wp-content\/uploads\/2024\/03\/perfil-autor-300x300.png 300w, https:\/\/soylauragomez.com\/wp-content\/uploads\/2024\/03\/perfil-autor-1024x1024.png 1024w, https:\/\/soylauragomez.com\/wp-content\/uploads\/2024\/03\/perfil-autor-150x150.png 150w, https:\/\/soylauragomez.com\/wp-content\/uploads\/2024\/03\/perfil-autor-1536x1536.png 1536w, https:\/\/soylauragomez.com\/wp-content\/uploads\/2024\/03\/perfil-autor.png 1600w\" sizes=\"(max-width: 768px) 100vw, 768px\" \/>\t\t\t\t\t\t\t\t\t\t\t\t\t\t\t<\/div>\n\t\t\t\t<\/div>\n\t\t\t\t\t<\/div>\n\t\t<\/div>\n\t\t\t\t<div class=\"elementor-column elementor-col-50 elementor-inner-column elementor-element elementor-element-48057f31\" data-id=\"48057f31\" data-element_type=\"column\" data-e-type=\"column\">\n\t\t\t<div class=\"elementor-widget-wrap elementor-element-populated\">\n\t\t\t\t\t\t<div class=\"elementor-element elementor-element-bdb3df9 elementor-widget elementor-widget-text-editor\" data-id=\"bdb3df9\" data-element_type=\"widget\" data-e-type=\"widget\" data-widget_type=\"text-editor.default\">\n\t\t\t\t<div class=\"elementor-widget-container\">\n\t\t\t\t\t\t\t\t\t<div class=\"elementor-element elementor-element-b0ba56e elementor-widget elementor-widget-heading\" style=\"flex-basis: var(--flex-basis); flex-grow: var(--flex-grow); flex-shrink: var(--flex-shrink); order: var(--order); align-self: var(--align-self); flex-direction: var(--flex-direction); flex-wrap: var(--flex-wrap); justify-content: var(--justify-content); align-items: var(--align-items); align-content: var(--align-content); gap: var(--gap); --swiper-theme-color: #000; --swiper-navigation-size: 44px; --swiper-pagination-bullet-size: 6px; --swiper-pagination-bullet-horizontal-gap: 6px; --widgets-spacing: 20px 20px; width: 510px; color: #333333; font-family: -apple-system, BlinkMacSystemFont, 'Segoe UI', Roboto, 'Helvetica Neue', Arial, 'Noto Sans', sans-serif, 'Apple Color Emoji', 'Segoe UI Emoji', 'Segoe UI Symbol', 'Noto Color Emoji'; font-size: 16px; background-color: #063f5c;\" data-id=\"b0ba56e\" data-element_type=\"widget\" data-widget_type=\"heading.default\"><div class=\"elementor-widget-container\" style=\"transition: background .3s,border .3s,border-radius .3s,box-shadow .3s,transform var(--e-transform-transition-duration,.4s);\"><h2 class=\"elementor-heading-title elementor-size-default\" style=\"font-family: Roboto, sans-serif; font-weight: 500; line-height: 1.3em; color: #bf9c78; font-size: 29px;\">La digitalizaci\u00f3n implica una reforma estructural profunda e integral que abarca cada peque\u00f1o aspecto de la compa\u00f1\u00eda y un cambio de mentalidad radical.<\/h2><\/div><\/div><div class=\"elementor-element elementor-element-330f1653 elementor-widget elementor-widget-text-editor\" style=\"flex-basis: var(--flex-basis); flex-grow: var(--flex-grow); flex-shrink: var(--flex-shrink); order: var(--order); align-self: var(--align-self); flex-direction: var(--flex-direction); flex-wrap: var(--flex-wrap); justify-content: var(--justify-content); align-items: var(--align-items); align-content: var(--align-content); gap: var(--gap); --swiper-theme-color: #000; --swiper-navigation-size: 44px; --swiper-pagination-bullet-size: 6px; --swiper-pagination-bullet-horizontal-gap: 6px; --widgets-spacing: 20px 20px; color: #ffffff; font-family: Roboto, sans-serif; font-weight: 400; width: 510px; background-color: #063f5c;\" data-id=\"330f1653\" data-element_type=\"widget\" data-widget_type=\"text-editor.default\"><div class=\"elementor-widget-container\" style=\"transition: background .3s,border .3s,border-radius .3s,box-shadow .3s,transform var(--e-transform-transition-duration,.4s);\"><p><span style=\"font-weight: bolder;\">Para ser un buen l\u00edder tienes que delegar trabajo y compartir responsabilidades.<\/span><\/p><p>Nosotros te acompa\u00f1amos en todo el proceso para que tu negocio despegue\u00a0rodeado de\u00a0<span style=\"font-weight: bolder;\">profesionales que caminen contigo en la misma direcci\u00f3n<\/span>\u00a0mientras cumples todos los objetivos y sue\u00f1os que te hab\u00edas marcado al tomar la dif\u00edcil pero valiente y fascinante decisi\u00f3n de emprender.<\/p><p><span style=\"font-weight: bolder;\">Si caminas solo puede que vayas m\u00e1s r\u00e1pido pero si caminas en equipo llegar\u00e1s m\u00e1s lejos<\/span>.<\/p><\/div><\/div>\t\t\t\t\t\t\t\t<\/div>\n\t\t\t\t<\/div>\n\t\t\t\t\t<\/div>\n\t\t<\/div>\n\t\t\t\t\t<\/div>\n\t\t<\/section>\n\t\t\t\t\t<\/div>\n\t\t<\/div>\n\t\t\t\t\t<\/div>\n\t\t<\/section>\n\t\t\t\t<\/div>\n\t\t","protected":false},"excerpt":{"rendered":"<p>Gracias por registrarte En breve recibir\u00e1s las \u00faltimas novedades para actualizar tus conocimientos digitales. La digitalizaci\u00f3n implica una reforma estructural profunda e integral que abarca cada peque\u00f1o aspecto de la compa\u00f1\u00eda y un cambio de mentalidad radical. Para ser un buen l\u00edder tienes que delegar trabajo y compartir responsabilidades. Nosotros te acompa\u00f1amos en todo el [&hellip;]<\/p>\n","protected":false},"author":1,"featured_media":0,"parent":0,"menu_order":0,"comment_status":"closed","ping_status":"closed","template":"","meta":{"footnotes":""},"class_list":["post-512","page","type-page","status-publish","hentry"],"_links":{"self":[{"href":"https:\/\/soylauragomez.com\/index.php\/wp-json\/wp\/v2\/pages\/512","targetHints":{"allow":["GET"]}}],"collection":[{"href":"https:\/\/soylauragomez.com\/index.php\/wp-json\/wp\/v2\/pages"}],"about":[{"href":"https:\/\/soylauragomez.com\/index.php\/wp-json\/wp\/v2\/types\/page"}],"author":[{"embeddable":true,"href":"https:\/\/soylauragomez.com\/index.php\/wp-json\/wp\/v2\/users\/1"}],"replies":[{"embeddable":true,"href":"https:\/\/soylauragomez.com\/index.php\/wp-json\/wp\/v2\/comments?post=512"}],"version-history":[{"count":5,"href":"https:\/\/soylauragomez.com\/index.php\/wp-json\/wp\/v2\/pages\/512\/revisions"}],"predecessor-version":[{"id":600,"href":"https:\/\/soylauragomez.com\/index.php\/wp-json\/wp\/v2\/pages\/512\/revisions\/600"}],"wp:attachment":[{"href":"https:\/\/soylauragomez.com\/index.php\/wp-json\/wp\/v2\/media?parent=512"}],"curies":[{"name":"wp","href":"https:\/\/api.w.org\/{rel}","templated":true}]}}