{"id":487,"date":"2024-05-27T16:19:22","date_gmt":"2024-05-27T16:19:22","guid":{"rendered":"https:\/\/soylauragomez.com\/?post_type=product&#038;p=487"},"modified":"2024-09-24T22:13:58","modified_gmt":"2024-09-24T22:13:58","slug":"curso-iniciacion-canva","status":"publish","type":"product","link":"https:\/\/soylauragomez.com\/index.php\/producto\/curso-iniciacion-canva\/","title":{"rendered":"CURSO INICIACI\u00d3N CANVA (online)"},"content":{"rendered":"","protected":false},"excerpt":{"rendered":"<p>Empieza tu curso de iniciaci\u00f3n CANVA y aprende a publicar en Redes Sociales desde el primer d\u00eda.<\/p>\n","protected":false},"featured_media":488,"comment_status":"open","ping_status":"closed","template":"","meta":[],"product_brand":[],"product_cat":[19],"product_tag":[20],"class_list":{"0":"post-487","1":"product","2":"type-product","3":"status-publish","4":"has-post-thumbnail","6":"product_cat-sin-categorizar","7":"product_tag-cursos-online","9":"first","10":"outofstock","11":"virtual","12":"taxable","13":"purchasable","14":"product-type-simple"},"_links":{"self":[{"href":"https:\/\/soylauragomez.com\/index.php\/wp-json\/wp\/v2\/product\/487","targetHints":{"allow":["GET"]}}],"collection":[{"href":"https:\/\/soylauragomez.com\/index.php\/wp-json\/wp\/v2\/product"}],"about":[{"href":"https:\/\/soylauragomez.com\/index.php\/wp-json\/wp\/v2\/types\/product"}],"replies":[{"embeddable":true,"href":"https:\/\/soylauragomez.com\/index.php\/wp-json\/wp\/v2\/comments?post=487"}],"wp:featuredmedia":[{"embeddable":true,"href":"https:\/\/soylauragomez.com\/index.php\/wp-json\/wp\/v2\/media\/488"}],"wp:attachment":[{"href":"https:\/\/soylauragomez.com\/index.php\/wp-json\/wp\/v2\/media?parent=487"}],"wp:term":[{"taxonomy":"product_brand","embeddable":true,"href":"https:\/\/soylauragomez.com\/index.php\/wp-json\/wp\/v2\/product_brand?post=487"},{"taxonomy":"product_cat","embeddable":true,"href":"https:\/\/soylauragomez.com\/index.php\/wp-json\/wp\/v2\/product_cat?post=487"},{"taxonomy":"product_tag","embeddable":true,"href":"https:\/\/soylauragomez.com\/index.php\/wp-json\/wp\/v2\/product_tag?post=487"}],"curies":[{"name":"wp","href":"https:\/\/api.w.org\/{rel}","templated":true}]}}